{"id":1832,"date":"2024-08-05T17:45:01","date_gmt":"2024-08-05T15:45:01","guid":{"rendered":"https:\/\/guillermu.com\/carta-y-menus\/"},"modified":"2026-02-26T14:45:13","modified_gmt":"2026-02-26T13:45:13","slug":"carta-y-menus","status":"publish","type":"page","link":"https:\/\/guillermu.com\/es\/carta-y-menus\/","title":{"rendered":"Carta y men\u00fas"},"content":{"rendered":"<p>[et_pb_section fb_built=\u00bb1&#8243; _builder_version=\u00bb4.27.4&#8243; _module_preset=\u00bbdefault\u00bb background_color=\u00bb#f5f7f5&#8243; background_image=\u00bbhttps:\/\/guillermu.com\/wp-content\/uploads\/2025\/03\/paella-scaled.jpg\u00bb background_position=\u00bbbottom_center\u00bb background_vertical_offset=\u00bb36%\u00bb min_height=\u00bb500px\u00bb custom_margin=\u00bb||46px|||\u00bb custom_padding=\u00bb0px||55px|||\u00bb global_colors_info=\u00bb{}\u00bb][et_pb_row column_structure=\u00bb2_5,3_5&#8243; use_custom_gutter=\u00bbon\u00bb gutter_width=\u00bb1&#8243; make_equal=\u00bbon\u00bb _builder_version=\u00bb4.27.4&#8243; _module_preset=\u00bbdefault\u00bb custom_margin=\u00bb|auto|-20px|auto||\u00bb custom_padding=\u00bb66px||0px|||\u00bb hover_enabled=\u00bb0&#8243; global_colors_info=\u00bb{}\u00bb sticky_enabled=\u00bb0&#8243;][et_pb_column type=\u00bb2_5&#8243; _builder_version=\u00bb4.27.4&#8243; _module_preset=\u00bbdefault\u00bb hover_enabled=\u00bb0&#8243; global_colors_info=\u00bb{}\u00bb sticky_enabled=\u00bb0&#8243;][et_pb_blurb title=\u00bbCarta y men\u00fas\u00bb image=\u00bbhttps:\/\/guillermu.com\/wp-content\/uploads\/2025\/03\/squiggle2.png\u00bb image_icon_width=\u00bb60%\u00bb icon_alignment=\u00bbleft\u00bb image_icon_width_tablet=\u00bb60%\u00bb image_icon_width_phone=\u00bb60%\u00bb image_icon_width_last_edited=\u00bbon|desktop\u00bb _builder_version=\u00bb4.27.4&#8243; _module_preset=\u00bbdefault\u00bb header_level=\u00bbh2&#8243; header_font=\u00bb&#8211;et_global_heading_font|500|||||||\u00bb header_text_align=\u00bbleft\u00bb header_font_size=\u00bb58px\u00bb body_font=\u00bb&#8211;et_global_body_font||||||||\u00bb body_text_color=\u00bb#FFFFFF\u00bb body_font_size=\u00bb18px\u00bb body_line_height=\u00bb1.8em\u00bb background_layout=\u00bbdark\u00bb max_width=\u00bb100%\u00bb module_alignment=\u00bbcenter\u00bb hover_enabled=\u00bb0&#8243; global_colors_info=\u00bb{}\u00bb sticky_enabled=\u00bb0&#8243;]<\/p>\n<p style=\"text-align: left;\">Disfrute de la carta y los men\u00fas del Restaurant <strong>GUILLERMU<\/strong>, en el coraz\u00f3n de la <strong>Costa Brava<\/strong>, <strong>cocina de tradici\u00f3n marinera y mediterr\u00e1nea<\/strong> con los mejores productos locales.<\/p>\n<p>[\/et_pb_blurb][\/et_pb_column][et_pb_column type=\u00bb3_5&#8243; _builder_version=\u00bb4.27.4&#8243; _module_preset=\u00bbdefault\u00bb background_enable_color=\u00bboff\u00bb hover_enabled=\u00bb0&#8243; global_colors_info=\u00bb{}\u00bb sticky_enabled=\u00bb0&#8243;][\/et_pb_column][\/et_pb_row][\/et_pb_section][et_pb_section fb_built=\u00bb1&#8243; _builder_version=\u00bb4.27.4&#8243; _module_preset=\u00bbdefault\u00bb background_color=\u00bb#f5f7f5&#8243; background_image=\u00bbhttps:\/\/guillermu.com\/wp-content\/uploads\/2025\/03\/carta-Guillermu-cat.png\u00bb background_size=\u00bbcustom\u00bb background_image_width=\u00bb33%\u00bb background_position=\u00bbtop_left\u00bb background_horizontal_offset=\u00bb0%\u00bb background_vertical_offset=\u00bb6%\u00bb min_height=\u00bb1119.9px\u00bb custom_margin=\u00bb-47px|||||\u00bb custom_padding=\u00bb1px||80px|||\u00bb hover_enabled=\u00bb0&#8243; background_last_edited=\u00bbon|phone\u00bb background_size_phone=\u00bbcustom\u00bb background_image_width_phone=\u00bb50%\u00bb background_position_phone=\u00bbtop_left\u00bb background_vertical_offset_phone=\u00bb18%\u00bb global_colors_info=\u00bb{}\u00bb background_image_width_tablet=\u00bb24%\u00bb background_position_tablet=\u00bbtop_left\u00bb sticky_enabled=\u00bb0&#8243; background_horizontal_offset_phone=\u00bb-4%\u00bb][et_pb_row _builder_version=\u00bb4.27.4&#8243; _module_preset=\u00bbdefault\u00bb module_alignment=\u00bbcenter\u00bb custom_margin=\u00bb-15px|auto|2px|auto|false|false\u00bb custom_padding=\u00bb34px||0px|0px|false|false\u00bb global_colors_info=\u00bb{}\u00bb max_width__hover_enabled=\u00bboff|desktop\u00bb][et_pb_column type=\u00bb4_4&#8243; _builder_version=\u00bb4.27.0&#8243; _module_preset=\u00bbdefault\u00bb global_colors_info=\u00bb{}\u00bb][et_pb_text _builder_version=\u00bb4.27.4&#8243; _module_preset=\u00bbe6504a1b-67eb-4b3d-b023-bcab277610b6&#8243; header_4_font=\u00bb&#8211;et_global_body_font|700||on|||||\u00bb header_4_text_color=\u00bb#23CDE7&#8243; header_4_font_size=\u00bb14px\u00bb header_4_letter_spacing=\u00bb0.1em\u00bb header_4_line_height=\u00bb1.5em\u00bb custom_margin=\u00bb||0px||false|false\u00bb hover_enabled=\u00bb0&#8243; locked=\u00bboff\u00bb global_colors_info=\u00bb{}\u00bb sticky_enabled=\u00bb0&#8243;]<\/p>\n<h4 style=\"text-align: center;\">NUESTRA GASTRONOM\u00cdA<\/h4>\n<p>[\/et_pb_text][et_pb_text _builder_version=\u00bb4.27.4&#8243; _module_preset=\u00bbb327cbe4-b1d5-4b66-ad37-40c8f2f061ba\u00bb header_font=\u00bb&#8211;et_global_heading_font||||||||\u00bb header_2_font=\u00bb&#8211;et_global_heading_font|700|||||||\u00bb header_2_text_color=\u00bb#005CC8&#8243; header_2_font_size=\u00bb48px\u00bb header_2_line_height=\u00bb1.35em\u00bb custom_margin=\u00bb||16px|||\u00bb custom_padding=\u00bb||0px|||\u00bb header_2_font_size_tablet=\u00bb32px\u00bb header_2_font_size_phone=\u00bb40px\u00bb header_2_font_size_last_edited=\u00bbon|desktop\u00bb locked=\u00bboff\u00bb global_colors_info=\u00bb{}\u00bb]<\/p>\n<h2 style=\"text-align: center;\">La Carta<\/h2>\n<p>[\/et_pb_text][et_pb_image src=\u00bbhttps:\/\/guillermu.com\/wp-content\/uploads\/2025\/03\/squiggle2.png\u00bb title_text=\u00bbsquiggle2&#8243; align=\u00bbcenter\u00bb _builder_version=\u00bb4.27.4&#8243; _module_preset=\u00bbdefault\u00bb module_alignment=\u00bbright\u00bb hover_enabled=\u00bb0&#8243; global_colors_info=\u00bb{}\u00bb width=\u00bb100%\u00bb sticky_enabled=\u00bb0&#8243;][\/et_pb_image][et_pb_blurb _builder_version=\u00bb4.27.4&#8243; _module_preset=\u00bbdefault\u00bb header_level=\u00bbh2&#8243; header_font=\u00bb&#8211;et_global_heading_font|500|||||||\u00bb header_text_align=\u00bbcenter\u00bb header_text_color=\u00bb#0C71C3&#8243; header_font_size=\u00bb50px\u00bb body_font=\u00bb|300|||||||\u00bb body_text_color=\u00bb#000000&#8243; body_font_size=\u00bb16px\u00bb text_orientation=\u00bbcenter\u00bb background_layout=\u00bbdark\u00bb module_alignment=\u00bbcenter\u00bb custom_margin=\u00bb5px|||||\u00bb hover_enabled=\u00bb0&#8243; inline_fonts=\u00bbBebas Neue\u00bb global_colors_info=\u00bb{}\u00bb sticky_enabled=\u00bb0&#8243;]<\/p>\n<p style=\"text-align: center;\"><span style=\"color: #000000;\"><strong> <span style=\"text-decoration: underline;\">ENTRANTES y PRIMEROS de PESCADO<\/span><\/strong><\/span><\/p>\n<p style=\"text-align: center;\"><span style=\"font-size: 16px;\">Para abrir el apetito: verduritas, canelones de la abuela, llenos de recuerdos, navajas, mejillones, tellinas, calamares, pulpo a la gallega y muchos m\u00e1s platos.<\/span><\/p>\n<p style=\"text-align: center;\"><span style=\"text-decoration: underline;\"><span style=\"color: #000000;\"><strong><span style=\"font-size: 16px;\">PESCADO FRESCO<\/span><\/strong><\/span><\/span><\/p>\n<p style=\"text-align: center;\"><span style=\"font-size: 16px;\">Les proponemos un rape, al horno o a la plancha, lubina a la sal y rodaballo al horno, entre otras opciones que capturan la esencia del mar.<\/span><span style=\"font-size: 16px;\"><\/span><span style=\"font-size: 16px;\"><\/span><\/p>\n<p style=\"text-align: center;\"><span style=\"text-decoration: underline;\"><span style=\"color: #000000;\"><strong>ARROCES y FIDEOS<\/strong><\/span><\/span><\/p>\n<p style=\"text-align: center;\">\u00a1Disfrute de nuestra paella mixta al estilo del Baix Empord\u00e0, el arroz con bogavante, a la cazuela y una variedad de paellas, arroces y fideos que le har\u00e1n repetir el plato!<\/p>\n<p style=\"text-align: center;\"><span style=\"text-decoration: underline;\"><span style=\"color: #000000;\"><strong>CARNE y PLATOS PARA LOS M\u00c1S PEQUE\u00d1OS<\/strong><\/span><\/span><\/p>\n<p style=\"text-align: center;\">Les ofrecemos ternera de Girona tierna, costillas de cordero de Calonge, opciones pensadas para toda la familia con producto de proximidad.<\/p>\n<p style=\"text-align: center;\"><span style=\"text-decoration: underline;\"><strong>LOS POSTRES<\/strong><\/span><\/p>\n<p style=\"text-align: center;\">Y para terminar una buena comida, un toque dulce, los postres caseros como el tiramis\u00fa o el pastel de Lydia.<span style=\"font-size: 16px;\"><\/span><\/p>\n<p>[\/et_pb_blurb][\/et_pb_column][\/et_pb_row][et_pb_row _builder_version=\u00bb4.27.4&#8243; _module_preset=\u00bbdefault\u00bb module_alignment=\u00bbcenter\u00bb custom_margin=\u00bb-15px|auto|2px|auto|false|false\u00bb custom_padding=\u00bb34px||0px|0px|false|false\u00bb global_colors_info=\u00bb{}\u00bb max_width__hover_enabled=\u00bboff|desktop\u00bb][et_pb_column type=\u00bb4_4&#8243; _builder_version=\u00bb4.27.0&#8243; _module_preset=\u00bbdefault\u00bb global_colors_info=\u00bb{}\u00bb][et_pb_text _builder_version=\u00bb4.27.4&#8243; _module_preset=\u00bbb327cbe4-b1d5-4b66-ad37-40c8f2f061ba\u00bb header_font=\u00bb&#8211;et_global_heading_font||||||||\u00bb header_2_font=\u00bb&#8211;et_global_heading_font|700|||||||\u00bb header_2_text_color=\u00bb#005CC8&#8243; header_2_font_size=\u00bb48px\u00bb header_2_line_height=\u00bb1.35em\u00bb custom_margin=\u00bb||16px|||\u00bb custom_padding=\u00bb27px|||||\u00bb header_2_font_size_tablet=\u00bb32px\u00bb header_2_font_size_phone=\u00bb40px\u00bb header_2_font_size_last_edited=\u00bbon|desktop\u00bb locked=\u00bboff\u00bb global_colors_info=\u00bb{}\u00bb]<\/p>\n<h2 style=\"text-align: center;\">Los Men\u00fas<\/h2>\n<p>[\/et_pb_text][et_pb_image src=\u00bbhttps:\/\/guillermu.com\/wp-content\/uploads\/2025\/03\/squiggle2.png\u00bb title_text=\u00bbsquiggle2&#8243; align=\u00bbcenter\u00bb _builder_version=\u00bb4.27.4&#8243; _module_preset=\u00bbdefault\u00bb module_alignment=\u00bbcenter\u00bb hover_enabled=\u00bb0&#8243; global_colors_info=\u00bb{}\u00bb sticky_enabled=\u00bb0&#8243;][\/et_pb_image][et_pb_blurb _builder_version=\u00bb4.27.4&#8243; _module_preset=\u00bbdefault\u00bb header_level=\u00bbh2&#8243; header_font=\u00bb&#8211;et_global_heading_font|500|||||||\u00bb header_text_align=\u00bbcenter\u00bb header_text_color=\u00bb#0C71C3&#8243; header_font_size=\u00bb50px\u00bb body_font=\u00bb|300|||||||\u00bb body_text_color=\u00bb#000000&#8243; body_font_size=\u00bb16px\u00bb text_orientation=\u00bbcenter\u00bb background_layout=\u00bbdark\u00bb module_alignment=\u00bbcenter\u00bb custom_margin=\u00bb||4px|||\u00bb custom_padding=\u00bb||0px|||\u00bb inline_fonts=\u00bbBebas Neue\u00bb global_colors_info=\u00bb{}\u00bb]<\/p>\n<p style=\"text-align: center;\"><span style=\"font-family: inherit; font-size: medium;\">Actualmente, en <\/span><strong>GUILLERMU<\/strong> <span style=\"font-family: inherit; font-size: medium;\">podr\u00e1 disfrutar de estos <\/span>men\u00fas<span style=\"font-family: inherit; font-size: medium;\">:<\/span><span style=\"font-family: inherit; font-weight: normal; font-size: medium; color: #000000;\"><\/span><span style=\"font-size: 16px;\"><\/span><\/p>\n<p><span style=\"font-size: 16px;\"><\/span><\/p>\n<p>[\/et_pb_blurb][\/et_pb_column][\/et_pb_row][et_pb_row make_equal=\u00bbon\u00bb _builder_version=\u00bb4.27.4&#8243; _module_preset=\u00bbdefault\u00bb module_alignment=\u00bbcenter\u00bb custom_margin=\u00bb|-4px||auto||\u00bb custom_padding=\u00bb18px||0px|||\u00bb hover_enabled=\u00bb0&#8243; global_colors_info=\u00bb{}\u00bb max_width__hover_enabled=\u00bboff|desktop\u00bb sticky_enabled=\u00bb0&#8243;][et_pb_column type=\u00bb4_4&#8243; _builder_version=\u00bb4.27.0&#8243; _module_preset=\u00bbdefault\u00bb global_colors_info=\u00bb{}\u00bb][et_pb_text _builder_version=\u00bb4.27.4&#8243; _module_preset=\u00bbdefault\u00bb header_2_text_color=\u00bb#000000&#8243; header_4_text_color=\u00bb#23cde7&#8243; custom_padding=\u00bb0px|||||\u00bb hover_enabled=\u00bb0&#8243; global_colors_info=\u00bb{}\u00bb sticky_enabled=\u00bb0&#8243;]<\/p>\n<p style=\"text-align: center;\"><span style=\"font-size: 16px; color: #000000;\"><span style=\"text-decoration: underline;\"><strong>MEN\u00da SEMANAL DE LUNES A VIERNES<\/strong><\/span><\/span><strong><span style=\"text-decoration: underline;\"><span style=\"color: #000000;\"><\/span><\/span><\/strong><\/p>\n<p style=\"text-align: center;\"><span style=\"color: #000000; font-size: 16px;\">Este men\u00fa var\u00eda cada semana para ofrecerles una selecci\u00f3n de primeros y segundos platos y los postres que capturan lo mejor de cada temporada.<\/span><\/p>\n<p style=\"text-align: center;\"><span style=\"color: #000000; font-size: 16px;\"><\/span><\/p>\n<p style=\"text-align: center;\"><span style=\"text-decoration: underline;\"><span style=\"color: #000000;\"><strong><span style=\"font-size: 16px; color: #000000; text-decoration: underline;\">MEN\u00da MARISCADA. TODO EL A\u00d1O. <\/span><\/strong><\/span><\/span><\/p>\n<p style=\"text-align: center;\"><span style=\"font-size: 16px; color: #000000;\">Nuestra mariscada, una degustaci\u00f3n de marisco de nuestra bah\u00eda, perfecto para los amantes de los frutos de mar. <\/span><\/p>\n<p style=\"text-align: center;\"><span style=\"color: #000000;\"><strong>El Men\u00fa Mariscada incluye: <\/strong><\/span><\/p>\n<p style=\"text-align: center;\"><span style=\"color: #000000;\"><span style=\"font-size: 16px;\"><\/span><span style=\"font-size: 16px;\">Navajas, z<\/span><span style=\"font-size: 16px;\">amburi\u00f1as, c<\/span><span style=\"font-size: 16px;\">alamaritos a la romana, c<\/span><span style=\"font-size: 16px;\">lo\u00efsses, m<\/span><span style=\"font-size: 16px;\">ejillones, g<\/span><span style=\"font-size: 16px;\">amba, e<\/span><span style=\"font-size: 16px;\">scamarlanes.<\/span> <\/span><\/p>\n<p style=\"text-align: center;\"><span style=\"color: #000000; font-size: small;\">*Puede haber peque\u00f1as variaciones seg\u00fan temporada.<\/span><\/p>\n<p style=\"text-align: center;\"><span style=\"color: #000000; font-size: small;\"><\/span><\/p>\n<p style=\"text-align: center;\"><span style=\"font-size: 16px; color: #000000;\"><span style=\"text-decoration: underline;\"><strong>MEN\u00da DE LA GAMBA. Mes de junio <\/strong><\/span><\/span><span style=\"text-decoration: underline;\"><span style=\"color: #000000;\"><strong><\/strong><\/span><\/span><span style=\"text-decoration: underline;\"><span style=\"color: #000000;\"><strong><\/strong><\/span><\/span><span style=\"text-decoration: underline;\"><span style=\"color: #000000;\"><strong><\/strong><\/span><\/span><\/p>\n<p style=\"text-align: center;\"><span style=\"font-size: 16px; color: #000000;\"><span style=\"font-size: medium; color: #000000;\"><strong>Chupa la cabeza y lame los dedos<\/strong><\/span><\/span><\/p>\n<p style=\"text-align: center;\"><span style=\"font-size: 16px; color: #000000;\"><span style=\"color: #000000;\"><span style=\"font-size: medium;\">Desde 1994, cocina de pescadores con el mejor producto local, maridado con vinos Perelada, DO Empord\u00e0. <\/span><\/span><\/span><\/p>\n<p style=\"text-align: center;\"><span style=\"font-size: 16px; color: #000000;\"><span style=\"font-size: 14px; color: #000000;\">Campa\u00f1a gastron\u00f3mica de la Asociaci\u00f3n <\/span><span style=\"font-size: 14px; color: #000000;\">de Restaurantes de la Bah\u00eda \u00ab<strong>El Plat Blau<\/strong>\u00ab.<\/span><\/span><span style=\"color: #000000; font-size: small;\"><\/span><span style=\"color: #000000; font-size: small;\"><\/span><span style=\"font-size: 16px; color: #000000;\"><span style=\"font-size: 14px; color: #000000;\"><span style=\"text-decoration: underline;\"><span style=\"color: #000000;\"><strong><\/strong><\/span><\/span><\/span><\/span><\/p>\n<p style=\"text-align: center;\"><span style=\"color: #000000; font-size: small;\"><\/span><\/p>\n<p>[\/et_pb_text][et_pb_image src=\u00bbhttps:\/\/guillermu.com\/wp-content\/uploads\/2025\/03\/squiggle2.png\u00bb title_text=\u00bbsquiggle2&#8243; align=\u00bbcenter\u00bb _builder_version=\u00bb4.27.4&#8243; _module_preset=\u00bbdefault\u00bb module_alignment=\u00bbright\u00bb hover_enabled=\u00bb0&#8243; global_colors_info=\u00bb{}\u00bb show_bottom_space=\u00bboff\u00bb sticky_enabled=\u00bb0&#8243; custom_margin=\u00bb||60px|||\u00bb][\/et_pb_image][et_pb_cta title=\u00bbDESCUBRE LA CARTA Y LOS MEN\u00daS ACTUALES DEL GUILLERMU.\u00bb button_text=\u00bbcarta y men\u00fas\u00bb _builder_version=\u00bb4.27.4&#8243; _module_preset=\u00bbdefault\u00bb button_url=\u00bbhttps:\/\/smartmenu.agorapos.com\/?id=17k07kv0#\/category\/16&#8243; button_alignment=\u00bbcenter\u00bb custom_button=\u00bbon\u00bb button_letter_spacing=\u00bb0px\u00bb button_icon=\u00bb&#xf773;||fa||900&#8243; button_text_color=\u00bb#FFFFFF\u00bb button_bg_color=\u00bb#0C71C3&#8243; button_bg_enable_color=\u00bbon\u00bb hover_enabled=\u00bb0&#8243; sticky_enabled=\u00bb0&#8243; header_font_size=\u00bb40px\u00bb header_line_height=\u00bb1.4em\u00bb button_border_radius=\u00bb5px\u00bb link_option_url=\u00bbhttps:\/\/smartmenu.agorapos.com\/?id=17k07kv0#\/category\/29&#8243; url_new_window=\u00bbon\u00bb border_radii=\u00bbon|5px|5px|5px|5px\u00bb header_font_size_last_edited=\u00bbon|desktop\u00bb header_font_size_phone=\u00bb30px\u00bb header_font_size_tablet=\u00bb40px\u00bb]<\/p>\n<p>\u2014TODOS LOS IDIOMAS.<\/p>\n<p>[\/et_pb_cta][\/et_pb_column][\/et_pb_row][\/et_pb_section]<\/p>\n","protected":false},"excerpt":{"rendered":"<p>Carta y men\u00fas del restaurante Guillermu en Sant Antoni de Calonge<\/p>\n","protected":false},"author":2,"featured_media":1829,"parent":0,"menu_order":0,"comment_status":"closed","ping_status":"closed","template":"","meta":{"_et_pb_use_builder":"on","_et_pb_old_content":"","_et_gb_content_width":"","footnotes":""},"class_list":["post-1832","page","type-page","status-publish","has-post-thumbnail","hentry"],"_links":{"self":[{"href":"https:\/\/guillermu.com\/es\/wp-json\/wp\/v2\/pages\/1832","targetHints":{"allow":["GET"]}}],"collection":[{"href":"https:\/\/guillermu.com\/es\/wp-json\/wp\/v2\/pages"}],"about":[{"href":"https:\/\/guillermu.com\/es\/wp-json\/wp\/v2\/types\/page"}],"author":[{"embeddable":true,"href":"https:\/\/guillermu.com\/es\/wp-json\/wp\/v2\/users\/2"}],"replies":[{"embeddable":true,"href":"https:\/\/guillermu.com\/es\/wp-json\/wp\/v2\/comments?post=1832"}],"version-history":[{"count":10,"href":"https:\/\/guillermu.com\/es\/wp-json\/wp\/v2\/pages\/1832\/revisions"}],"predecessor-version":[{"id":2441,"href":"https:\/\/guillermu.com\/es\/wp-json\/wp\/v2\/pages\/1832\/revisions\/2441"}],"wp:featuredmedia":[{"embeddable":true,"href":"https:\/\/guillermu.com\/es\/wp-json\/wp\/v2\/media\/1829"}],"wp:attachment":[{"href":"https:\/\/guillermu.com\/es\/wp-json\/wp\/v2\/media?parent=1832"}],"curies":[{"name":"wp","href":"https:\/\/api.w.org\/{rel}","templated":true}]}}