{"id":1777,"date":"2025-03-29T18:53:05","date_gmt":"2025-03-29T17:53:05","guid":{"rendered":"https:\/\/guillermu.com\/le-restaurant\/"},"modified":"2026-03-26T11:04:45","modified_gmt":"2026-03-26T10:04:45","slug":"le-restaurant","status":"publish","type":"page","link":"https:\/\/guillermu.com\/fr\/le-restaurant\/","title":{"rendered":"Le restaurant"},"content":{"rendered":"<p>[et_pb_section fb_built=\u00a0\u00bb1&Prime; admin_label=\u00a0\u00bbSection El Guillermu. Cap\u00e7alera\u00a0\u00bb _builder_version=\u00a0\u00bb4.27.4&Prime; _module_preset=\u00a0\u00bbdefault\u00a0\u00bb background_color=\u00a0\u00bb#f5f7f5&Prime; background_image=\u00a0\u00bbhttps:\/\/guillermu.com\/wp-content\/uploads\/2024\/09\/copes-exterior-2-scaled.jpg\u00a0\u00bb width=\u00a0\u00bb100%\u00a0\u00bb height=\u00a0\u00bb560px\u00a0\u00bb max_height=\u00a0\u00bb1000px\u00a0\u00bb custom_padding=\u00a0\u00bb30px||17px|||\u00a0\u00bb global_colors_info=\u00a0\u00bb{}\u00a0\u00bb][et_pb_row column_structure=\u00a0\u00bb3_5,2_5&Prime; use_custom_gutter=\u00a0\u00bbon\u00a0\u00bb gutter_width=\u00a0\u00bb1&Prime; make_equal=\u00a0\u00bbon\u00a0\u00bb _builder_version=\u00a0\u00bb4.27.4&Prime; _module_preset=\u00a0\u00bbdefault\u00a0\u00bb custom_margin=\u00a0\u00bb|auto|-20px|auto||\u00a0\u00bb custom_padding=\u00a0\u00bb16px||0px|||\u00a0\u00bb global_colors_info=\u00a0\u00bb{}\u00a0\u00bb][et_pb_column type=\u00a0\u00bb3_5&Prime; _builder_version=\u00a0\u00bb4.27.4&Prime; _module_preset=\u00a0\u00bbdefault\u00a0\u00bb global_colors_info=\u00a0\u00bb{}\u00a0\u00bb][\/et_pb_column][et_pb_column type=\u00a0\u00bb2_5&Prime; _builder_version=\u00a0\u00bb4.27.4&Prime; _module_preset=\u00a0\u00bbdefault\u00a0\u00bb background_enable_color=\u00a0\u00bboff\u00a0\u00bb global_colors_info=\u00a0\u00bb{}\u00a0\u00bb][et_pb_blurb title=\u00a0\u00bbLe Guillermu.\u00a0\u00bb image=\u00a0\u00bbhttps:\/\/guillermu.com\/wp-content\/uploads\/2025\/03\/squiggle2.png\u00a0\u00bb image_icon_width=\u00a0\u00bb73%\u00a0\u00bb icon_alignment=\u00a0\u00bbleft\u00a0\u00bb admin_label=\u00a0\u00bbBlurb\u00a0\u00bb _builder_version=\u00a0\u00bb4.27.5&Prime; _module_preset=\u00a0\u00bbdefault\u00a0\u00bb header_level=\u00a0\u00bbh2&Prime; header_font=\u00a0\u00bb&#8211;et_global_heading_font|500|||||||\u00a0\u00bb header_text_align=\u00a0\u00bbleft\u00a0\u00bb header_text_color=\u00a0\u00bb#FFFFFF\u00a0\u00bb header_font_size=\u00a0\u00bb58px\u00a0\u00bb body_font=\u00a0\u00bb&#8211;et_global_body_font|500|||||||\u00a0\u00bb body_text_color=\u00a0\u00bb#FFFFFF\u00a0\u00bb body_font_size=\u00a0\u00bb18px\u00a0\u00bb body_line_height=\u00a0\u00bb1.8em\u00a0\u00bb background_layout=\u00a0\u00bbdark\u00a0\u00bb module_alignment=\u00a0\u00bbcenter\u00a0\u00bb global_colors_info=\u00a0\u00bb{}\u00a0\u00bb]<\/p>\n<p style=\"text-align: left;\"><span style=\"color: #000000;\"><span style=\"color: #ffffff;\">Situ\u00e9 en bord de mer, avec une vue spectaculaire sur la baie de Palam\u00f3s, le <strong>GUILLERMU<\/strong> vous offre une exp\u00e9rience gastronomique enracin\u00e9e dans le Baix Empord\u00e0.<\/span><\/span><\/p>\n<p style=\"text-align: left;\"><span style=\"color: #000000;\"><span style=\"color: #ffffff;\"><\/span><\/span><\/p>\n<p>[\/et_pb_blurb][et_pb_button button_url=\u00a0\u00bbhttps:\/\/guillermu.myrestoo.net\/ca\/reservar\u00a0\u00bb button_text=\u00a0\u00bbRESERVA LA TEVA TAULA\u00a0\u00bb button_alignment=\u00a0\u00bbleft\u00a0\u00bb admin_label=\u00a0\u00bbBut\u00f3 reserves\u00a0\u00bb _builder_version=\u00a0\u00bb4.27.5&Prime; _module_preset=\u00a0\u00bbdb46e67d-9505-40bb-9ebd-8901bc8b3a95&Prime; custom_button=\u00a0\u00bbon\u00a0\u00bb global_colors_info=\u00a0\u00bb{}\u00a0\u00bb][\/et_pb_button][\/et_pb_column][\/et_pb_row][\/et_pb_section][et_pb_section fb_built=\u00a0\u00bb1&Prime; admin_label=\u00a0\u00bbServices\u00a0\u00bb _builder_version=\u00a0\u00bb4.27.4&Prime; _module_preset=\u00a0\u00bbdefault\u00a0\u00bb background_color=\u00a0\u00bb#f5f7f5&Prime; background_enable_image=\u00a0\u00bboff\u00a0\u00bb background_size=\u00a0\u00bbcustom\u00a0\u00bb background_position=\u00a0\u00bbtop_center\u00a0\u00bb custom_margin=\u00a0\u00bb-1px|||||\u00a0\u00bb custom_padding=\u00a0\u00bb12px||30px|||\u00a0\u00bb background_last_edited=\u00a0\u00bbon|tablet\u00a0\u00bb background_image_width_tablet=\u00a0\u00bb170%\u00a0\u00bb collapsed=\u00a0\u00bboff\u00a0\u00bb global_colors_info=\u00a0\u00bb{}\u00a0\u00bb][et_pb_row column_structure=\u00a0\u00bb1_2,1_2&Prime; _builder_version=\u00a0\u00bb4.18.0&Prime; _module_preset=\u00a0\u00bbdefault\u00a0\u00bb custom_padding=\u00a0\u00bb25px|||||\u00a0\u00bb global_colors_info=\u00a0\u00bb{}\u00a0\u00bb][et_pb_column type=\u00a0\u00bb1_2&Prime; _builder_version=\u00a0\u00bb4.18.0&Prime; _module_preset=\u00a0\u00bbdefault\u00a0\u00bb global_colors_info=\u00a0\u00bb{}\u00a0\u00bb][et_pb_text _builder_version=\u00a0\u00bb4.27.4&Prime; _module_preset=\u00a0\u00bbe6504a1b-67eb-4b3d-b023-bcab277610b6&Prime; header_4_font=\u00a0\u00bb&#8211;et_global_body_font|700||on|||||\u00a0\u00bb header_4_text_color=\u00a0\u00bb#23CDE7&Prime; header_4_font_size=\u00a0\u00bb14px\u00a0\u00bb header_4_letter_spacing=\u00a0\u00bb0.1em\u00a0\u00bb header_4_line_height=\u00a0\u00bb1.5em\u00a0\u00bb custom_margin=\u00a0\u00bb||0px||false|false\u00a0\u00bb locked=\u00a0\u00bboff\u00a0\u00bb global_colors_info=\u00a0\u00bb{}\u00a0\u00bb]<\/p>\n<h4>NOTRE HISTOIRE<\/h4>\n<p>[\/et_pb_text][et_pb_text _builder_version=\u00a0\u00bb4.27.4&Prime; _module_preset=\u00a0\u00bbb327cbe4-b1d5-4b66-ad37-40c8f2f061ba\u00a0\u00bb header_font=\u00a0\u00bb&#8211;et_global_heading_font||||||||\u00a0\u00bb header_2_font=\u00a0\u00bb&#8211;et_global_heading_font|700|||||||\u00a0\u00bb header_2_text_color=\u00a0\u00bb#005CC8&Prime; header_2_font_size=\u00a0\u00bb48px\u00a0\u00bb header_2_line_height=\u00a0\u00bb1.35em\u00a0\u00bb custom_margin=\u00a0\u00bb||16px|||\u00a0\u00bb header_2_font_size_tablet=\u00a0\u00bb32px\u00a0\u00bb header_2_font_size_phone=\u00a0\u00bb20px\u00a0\u00bb header_2_font_size_last_edited=\u00a0\u00bbon|desktop\u00a0\u00bb locked=\u00a0\u00bboff\u00a0\u00bb global_colors_info=\u00a0\u00bb{}\u00a0\u00bb]<\/p>\n<h2>Le Guillermu.<\/h2>\n<p>[\/et_pb_text][et_pb_text _builder_version=\u00a0\u00bb4.27.4&Prime; _module_preset=\u00a0\u00bbb327cbe4-b1d5-4b66-ad37-40c8f2f061ba\u00a0\u00bb header_2_font=\u00a0\u00bb&#8211;et_global_heading_font|700|||||||\u00a0\u00bb header_2_text_color=\u00a0\u00bb#005CC8&Prime; header_2_font_size=\u00a0\u00bb48px\u00a0\u00bb header_2_line_height=\u00a0\u00bb1.35em\u00a0\u00bb header_3_font=\u00a0\u00bb&#8211;et_global_heading_font||||||||\u00a0\u00bb header_3_font_size=\u00a0\u00bb38px\u00a0\u00bb custom_margin=\u00a0\u00bb||13px|||\u00a0\u00bb header_2_font_size_tablet=\u00a0\u00bb32px\u00a0\u00bb header_2_font_size_phone=\u00a0\u00bb20px\u00a0\u00bb header_2_font_size_last_edited=\u00a0\u00bbon|desktop\u00a0\u00bb locked=\u00a0\u00bboff\u00a0\u00bb global_colors_info=\u00a0\u00bb{}\u00a0\u00bb]<\/p>\n<blockquote>\n<p><span style=\"color: #000000;\"><em>\u00ab\u00a0<\/em><em style=\"font-size: 16px; font-family: var(--et_global_body_font),serif;\"><strong>\u00c0 force de visiter des cuisines, j&rsquo;ai d\u00e9couvert que ma v\u00e9ritable passion n&rsquo;\u00e9tait pas de vendre le poisson, mais de le cuisiner<\/strong>\u00ab\u00a0. Agust\u00ed Soto.<\/em><\/span><\/p>\n<\/blockquote>\n<p>[\/et_pb_text][et_pb_image src=\u00a0\u00bbhttps:\/\/guillermu.com\/wp-content\/uploads\/2025\/03\/squiggle2.png\u00a0\u00bb title_text=\u00a0\u00bbsquiggle2&Prime; _builder_version=\u00a0\u00bb4.18.0&Prime; _module_preset=\u00a0\u00bbdefault\u00a0\u00bb width=\u00a0\u00bb218px\u00a0\u00bb max_width=\u00a0\u00bb100%\u00a0\u00bb custom_margin=\u00a0\u00bb||30px||false|false\u00a0\u00bb locked=\u00a0\u00bboff\u00a0\u00bb global_colors_info=\u00a0\u00bb{}\u00a0\u00bb][\/et_pb_image][et_pb_image src=\u00a0\u00bbhttps:\/\/guillermu.com\/wp-content\/uploads\/2025\/03\/seafood-restaurant-15.png\u00a0\u00bb title_text=\u00a0\u00bbcranc-seafood-restaurant-\u00a0\u00bb admin_label=\u00a0\u00bbImatge cranc\u00a0\u00bb _builder_version=\u00a0\u00bb4.27.4&Prime; _module_preset=\u00a0\u00bbdefault\u00a0\u00bb custom_margin=\u00a0\u00bb|||-8vw|false|false\u00a0\u00bb global_colors_info=\u00a0\u00bb{}\u00a0\u00bb][\/et_pb_image][\/et_pb_column][et_pb_column type=\u00a0\u00bb1_2&Prime; _builder_version=\u00a0\u00bb4.18.0&Prime; _module_preset=\u00a0\u00bbdefault\u00a0\u00bb global_colors_info=\u00a0\u00bb{}\u00a0\u00bb][et_pb_text _builder_version=\u00a0\u00bb4.27.4&Prime; _module_preset=\u00a0\u00bb1f09816e-184e-4ce5-a4cf-b39c52c423ca\u00a0\u00bb text_font=\u00a0\u00bb&#8211;et_global_body_font|300|||||||\u00a0\u00bb text_text_color=\u00a0\u00bb#000000&Prime; text_font_size=\u00a0\u00bb16px\u00a0\u00bb text_line_height=\u00a0\u00bb1.8em\u00a0\u00bb link_text_color=\u00a0\u00bb#23CDE7&Prime; header_2_font=\u00a0\u00bb&#8211;et_global_body_font|||on|||||\u00a0\u00bb header_2_text_align=\u00a0\u00bbleft\u00a0\u00bb header_2_text_color=\u00a0\u00bb#005cc8&Prime; header_2_font_size=\u00a0\u00bb30px\u00a0\u00bb header_4_font=\u00a0\u00bb&#8211;et_global_body_font|700|||||||\u00a0\u00bb header_4_text_color=\u00a0\u00bb#000055&Prime; header_4_font_size=\u00a0\u00bb25px\u00a0\u00bb text_font_size_tablet=\u00a0\u00bb15px\u00a0\u00bb text_font_size_phone=\u00a0\u00bb14px\u00a0\u00bb text_font_size_last_edited=\u00a0\u00bbon|phone\u00a0\u00bb header_font_size_tablet=\u00a0\u00bb55px\u00a0\u00bb header_font_size_last_edited=\u00a0\u00bboff|desktop\u00a0\u00bb header_2_font_tablet=\u00a0\u00bb&#8211;et_global_body_font|||on|||||\u00a0\u00bb header_2_font_phone=\u00a0\u00bb&#8211;et_global_body_font|||on|||||\u00a0\u00bb header_2_font_last_edited=\u00a0\u00bbon|phone\u00a0\u00bb header_2_font_size_tablet=\u00a0\u00bb30px\u00a0\u00bb header_2_font_size_phone=\u00a0\u00bb30px\u00a0\u00bb header_2_font_size_last_edited=\u00a0\u00bbon|phone\u00a0\u00bb locked=\u00a0\u00bboff\u00a0\u00bb inline_fonts=\u00a0\u00bbMontserrat\u00a0\u00bb global_colors_info=\u00a0\u00bb{}\u00a0\u00bb]<\/p>\n<p>&nbsp;<\/p>\n<p>Le restaurant <strong>Guillermu<\/strong> \u2014avec u\u2014 est n\u00e9 en 2010 comme une \u00e9volution naturelle de l&rsquo;Hostal Guillermo \u2014avec o\u2014, un \u00e9tablissement historique et embl\u00e9matique de l&rsquo;h\u00f4tellerie de Sant Antoni, au c\u0153ur de la <strong>Costa Brava.<\/strong> <\/p>\n<p>\u00c0 la t\u00eate du Guillermu se trouve Agust\u00ed Soto, chef et propri\u00e9taire, avec plus de vingt-cinq ans d\u00e9di\u00e9s au monde de la gastronomie.<\/p>\n<p>Les d\u00e9buts professionnels d&rsquo;Agust\u00ed \u00e9taient comme commercial en poissonnerie. \u00c0 force de visiter des cuisines, il a d\u00e9couvert que sa v\u00e9ritable passion n&rsquo;\u00e9tait pas de vendre le poisson, mais de le cuisiner. <\/p>\n<p><span style=\"font-family: var(--et_global_body_font),serif;\">Avec des racines profond\u00e9ment li\u00e9es \u00e0 la mer \u2014son p\u00e8re \u00e9tait p\u00eacheur \u00e0 Palam\u00f3s\u2014, il s&rsquo;est form\u00e9 dans diverses \u00e9coles de cuisine.<\/span><\/p>\n<p><span style=\"font-family: var(--et_global_body_font),serif;\">Il a perfectionn\u00e9 son m\u00e9tier et donn\u00e9 forme \u00e0 son r\u00eave : offrir une <\/span><strong style=\"font-family: var(--et_global_body_font),serif;\">cuisine marine et m\u00e9diterran\u00e9enne<\/strong><span style=\"font-family: var(--et_global_body_font),serif;\"> authentique et de qualit\u00e9, avec les <\/span><strong style=\"font-family: var(--et_global_body_font),serif;\">produits locaux<\/strong><span style=\"font-family: var(--et_global_body_font),serif;\"> comme protagonistes.<\/span><\/p>\n<p><span style=\"font-family: var(--et_global_body_font),serif;\">En plus de son travail au restaurant, Agust\u00ed est le pr\u00e9sident du collectif<strong><a href=\"https:\/\/elplatblau.cat\/\"> El Plat Blau<\/a><\/strong>. Une initiative qui unit plusieurs restaurateurs dans le but de donner de la visibilit\u00e9 \u00e0 la gastronomie marine et aux produits de qualit\u00e9 de la r\u00e9gion.  <\/span><\/p>\n<p><span style=\"font-family: var(--et_global_body_font),serif;\">Avec des propositions comme le Menu de la Crevette et le Menu de la Langoustine, le Guillermu veut valoriser et mettre en valeur les saveurs authentiques de la mer et de la r\u00e9gion.<\/span><\/p>\n<p>Le restaurant s&rsquo;est consolid\u00e9 comme une r\u00e9f\u00e9rence \u00e0 Sant Antoni, avec sa pr\u00e9sence dans divers forums gastronomiques nationaux et internationaux remarquables. Et par l&rsquo;initiative du <strong>service de traiteur<\/strong> \u00ab\u00a0Guillermu at home\u00a0\u00bb. <\/p>\n<h4><span style=\"font-family: Montserrat; font-weight: normal; font-size: large;\"><strong>Le Guillermu est un restaurant de proximit\u00e9 o\u00f9 les clients deviennent des amis.<\/strong><\/span><\/h4>\n<p><span style=\"font-family: var(--et_global_body_font),serif;\">L&rsquo;<\/span><strong style=\"font-family: var(--et_global_body_font),serif;\">\u00e9quipe<\/strong><span style=\"font-family: var(--et_global_body_font),serif;\">, dont certains membres travaillent depuis quinze ans, cr\u00e9e un lien sp\u00e9cial avec chaque client, se souvenant de leurs go\u00fbts, de leurs plats pr\u00e9f\u00e9r\u00e9s et m\u00eame des petits d\u00e9tails qui les font se sentir comme chez eux.<\/span> <\/p>\n<p><span style=\"font-family: var(--et_global_body_font),serif;\">Nous vous attendons pour partager notre passion pour la mer et la bonne cuisine !<\/span><\/p>\n<p>[\/et_pb_text][\/et_pb_column][\/et_pb_row][\/et_pb_section][et_pb_section fb_built=\u00a0\u00bb1&Prime; admin_label=\u00a0\u00bbAbout\u00a0\u00bb _builder_version=\u00a0\u00bb4.27.4&Prime; _module_preset=\u00a0\u00bbdefault\u00a0\u00bb background_enable_color=\u00a0\u00bboff\u00a0\u00bb custom_padding=\u00a0\u00bb20px||14px|||\u00a0\u00bb locked=\u00a0\u00bboff\u00a0\u00bb collapsed=\u00a0\u00bbon\u00a0\u00bb global_colors_info=\u00a0\u00bb{}\u00a0\u00bb custom_margin__hover_enabled=\u00a0\u00bbon|desktop\u00a0\u00bb][et_pb_row use_custom_gutter=\u00a0\u00bbon\u00a0\u00bb gutter_width=\u00a0\u00bb1&Prime; make_equal=\u00a0\u00bbon\u00a0\u00bb disabled_on=\u00a0\u00bbon|on|off\u00a0\u00bb _builder_version=\u00a0\u00bb4.27.4&Prime; _module_preset=\u00a0\u00bbdefault\u00a0\u00bb background_color=\u00a0\u00bbRGBA(255,255,255,0)\u00a0\u00bb module_alignment=\u00a0\u00bbcenter\u00a0\u00bb global_colors_info=\u00a0\u00bb{}\u00a0\u00bb][et_pb_column type=\u00a0\u00bb4_4&Prime; _builder_version=\u00a0\u00bb4.27.4&Prime; _module_preset=\u00a0\u00bbdefault\u00a0\u00bb global_colors_info=\u00a0\u00bb{}\u00a0\u00bb][et_pb_gallery gallery_ids=\u00a0\u00bb1311,1304,1308,1310&Prime; orientation=\u00a0\u00bbportrait\u00a0\u00bb show_title_and_caption=\u00a0\u00bboff\u00a0\u00bb show_pagination=\u00a0\u00bboff\u00a0\u00bb _builder_version=\u00a0\u00bb4.27.4&Prime; _module_preset=\u00a0\u00bbdefault\u00a0\u00bb background_color=\u00a0\u00bb#0C71C3&Prime; global_colors_info=\u00a0\u00bb{}\u00a0\u00bb][\/et_pb_gallery][\/et_pb_column][\/et_pb_row][\/et_pb_section][et_pb_section fb_built=\u00a0\u00bb1&Prime; disabled_on=\u00a0\u00bboff|off|on\u00a0\u00bb _builder_version=\u00a0\u00bb4.27.4&Prime; _module_preset=\u00a0\u00bbdefault\u00a0\u00bb custom_margin=\u00a0\u00bb||20px|||\u00a0\u00bb custom_padding=\u00a0\u00bb24px||30px|||\u00a0\u00bb global_colors_info=\u00a0\u00bb{}\u00a0\u00bb][et_pb_row use_custom_gutter=\u00a0\u00bbon\u00a0\u00bb gutter_width=\u00a0\u00bb1&Prime; _builder_version=\u00a0\u00bb4.27.4&Prime; _module_preset=\u00a0\u00bbdefault\u00a0\u00bb global_colors_info=\u00a0\u00bb{}\u00a0\u00bb][et_pb_column type=\u00a0\u00bb4_4&Prime; _builder_version=\u00a0\u00bb4.27.4&Prime; _module_preset=\u00a0\u00bbdefault\u00a0\u00bb global_colors_info=\u00a0\u00bb{}\u00a0\u00bb][et_pb_gallery gallery_ids=\u00a0\u00bb1311,1308,1304,1310&Prime; gallery_orderby=\u00a0\u00bbrand\u00a0\u00bb fullwidth=\u00a0\u00bbon\u00a0\u00bb _builder_version=\u00a0\u00bb4.27.4&Prime; _module_preset=\u00a0\u00bbdefault\u00a0\u00bb global_colors_info=\u00a0\u00bb{}\u00a0\u00bb][\/et_pb_gallery][\/et_pb_column][\/et_pb_row][\/et_pb_section][et_pb_section fb_built=\u00a0\u00bb1&Prime; _builder_version=\u00a0\u00bb4.27.4&Prime; _module_preset=\u00a0\u00bbdefault\u00a0\u00bb background_color=\u00a0\u00bb#f5f7f5&Prime; custom_padding=\u00a0\u00bb9px||33px|||\u00a0\u00bb global_colors_info=\u00a0\u00bb{}\u00a0\u00bb][et_pb_row column_structure=\u00a0\u00bb1_3,1_3,1_3&Prime; _builder_version=\u00a0\u00bb4.27.4&Prime; _module_preset=\u00a0\u00bbdefault\u00a0\u00bb background_color=\u00a0\u00bb#f5f7f5&Prime; custom_margin=\u00a0\u00bb|auto|-1px|auto||\u00a0\u00bb global_colors_info=\u00a0\u00bb{}\u00a0\u00bb][et_pb_column type=\u00a0\u00bb1_3&Prime; _builder_version=\u00a0\u00bb4.27.4&Prime; _module_preset=\u00a0\u00bbdefault\u00a0\u00bb global_colors_info=\u00a0\u00bb{}\u00a0\u00bb][et_pb_blurb title=\u00a0\u00bbEl Plat Blau\u00a0\u00bb url=\u00a0\u00bbhttps:\/\/elplatblau.cat\/\u00a0\u00bb url_new_window=\u00a0\u00bbon\u00a0\u00bb image=\u00a0\u00bbhttps:\/\/guillermu.com\/wp-content\/uploads\/2025\/05\/elplatblau-TW-scaled-e1684053836729-1-2048&#215;419-2-300&#215;139-1.jpg\u00a0\u00bb _builder_version=\u00a0\u00bb4.27.6&Prime; _module_preset=\u00a0\u00bbdefault\u00a0\u00bb header_level=\u00a0\u00bbh3&Prime; header_text_align=\u00a0\u00bbcenter\u00a0\u00bb text_orientation=\u00a0\u00bbcenter\u00a0\u00bb hover_enabled=\u00a0\u00bb0&Prime; border_radii_image=\u00a0\u00bbon|5px|5px|5px|5px\u00a0\u00bb global_colors_info=\u00a0\u00bb{}\u00a0\u00bb image_icon_width=\u00a0\u00bb58%\u00a0\u00bb sticky_enabled=\u00a0\u00bb0&Prime;]<\/p>\n<p class=\"elementor-heading-title elementor-size-default\" style=\"text-align: center;\">Associaci\u00f3 de Restaurants de la Badia \u00ab\u00a0El Plat Blau\u00a0\u00bb.<\/p>\n<p>[\/et_pb_blurb][\/et_pb_column][et_pb_column type=\u00a0\u00bb1_3&Prime; _builder_version=\u00a0\u00bb4.27.4&Prime; _module_preset=\u00a0\u00bbdefault\u00a0\u00bb global_colors_info=\u00a0\u00bb{}\u00a0\u00bb][et_pb_blurb title=\u00a0\u00bbSant Antoni Comer\u00e7\u00a0\u00bb url=\u00a0\u00bbhttps:\/\/www.comercsantantoni.com\/ca\/\u00a0\u00bb url_new_window=\u00a0\u00bbon\u00a0\u00bb image=\u00a0\u00bbhttps:\/\/guillermu.com\/wp-content\/uploads\/2025\/10\/logo-sant-antoni-comerc.png\u00a0\u00bb image_icon_width=\u00a0\u00bb82%\u00a0\u00bb _builder_version=\u00a0\u00bb4.27.4&Prime; _module_preset=\u00a0\u00bbdefault\u00a0\u00bb header_level=\u00a0\u00bbh3&Prime; header_text_align=\u00a0\u00bbcenter\u00a0\u00bb text_orientation=\u00a0\u00bbcenter\u00a0\u00bb border_radii_image=\u00a0\u00bbon|5px|5px|5px|5px\u00a0\u00bb global_colors_info=\u00a0\u00bb{}\u00a0\u00bb custom_padding=\u00a0\u00bb||0px|||\u00a0\u00bb]<\/p>\n<p class=\"elementor-heading-title elementor-size-default\" style=\"text-align: center;\">Associaci\u00f3 per la promoci\u00f3 i qualitat del comer\u00e7 de Sant Antoni.<\/p>\n<p>[\/et_pb_blurb][\/et_pb_column][et_pb_column type=\u00a0\u00bb1_3&Prime; _builder_version=\u00a0\u00bb4.27.4&Prime; _module_preset=\u00a0\u00bbdefault\u00a0\u00bb global_colors_info=\u00a0\u00bb{}\u00a0\u00bb][et_pb_blurb title=\u00a0\u00bbSOM GASTRONOMIA\u00a0\u00bb url=\u00a0\u00bbhttps:\/\/somgastronomia.cat\/\u00a0\u00bb url_new_window=\u00a0\u00bbon\u00a0\u00bb image=\u00a0\u00bbhttps:\/\/guillermu.com\/wp-content\/uploads\/2025\/10\/SG_Portada_X6.jpg\u00a0\u00bb alt=\u00a0\u00bbSom Gastronomia. Catalunya, regi\u00f3 mundial de la gastronomia.\u00a0\u00bb _builder_version=\u00a0\u00bb4.27.6&Prime; _module_preset=\u00a0\u00bbdefault\u00a0\u00bb header_level=\u00a0\u00bbh3&Prime; header_text_align=\u00a0\u00bbcenter\u00a0\u00bb text_orientation=\u00a0\u00bbcenter\u00a0\u00bb hover_enabled=\u00a0\u00bb0&Prime; border_radii_image=\u00a0\u00bbon|5px|5px|5px|5px\u00a0\u00bb global_colors_info=\u00a0\u00bb{}\u00a0\u00bb sticky_enabled=\u00a0\u00bb0&Prime; image_icon_width=\u00a0\u00bb70%\u00a0\u00bb]<\/p>\n<p class=\"elementor-heading-title elementor-size-default\" style=\"text-align: center;\">Catalunya. Regi\u00f3 mundial de la gastronomia 2025. <\/p>\n<p>[\/et_pb_blurb][\/et_pb_column][\/et_pb_row][\/et_pb_section]<\/p>\n","protected":false},"excerpt":{"rendered":"<p>Situ\u00e9 en bord de mer, avec une vue spectaculaire sur la baie de Palam\u00f3s, le GUILLERMU vous offre une exp\u00e9rience gastronomique enracin\u00e9e dans le Baix Empord\u00e0. NOTRE HISTOIRELe Guillermu. \u00ab\u00a0\u00c0 force de visiter des cuisines, j&rsquo;ai d\u00e9couvert que ma v\u00e9ritable passion n&rsquo;\u00e9tait pas de vendre le poisson, mais de le cuisiner\u00a0\u00bb. Agust\u00ed Soto. &nbsp; Le [&hellip;]<\/p>\n","protected":false},"author":2,"featured_media":0,"parent":0,"menu_order":0,"comment_status":"closed","ping_status":"closed","template":"","meta":{"_et_pb_use_builder":"on","_et_pb_old_content":"","_et_gb_content_width":"","footnotes":""},"class_list":["post-1777","page","type-page","status-publish","hentry"],"_links":{"self":[{"href":"https:\/\/guillermu.com\/fr\/wp-json\/wp\/v2\/pages\/1777","targetHints":{"allow":["GET"]}}],"collection":[{"href":"https:\/\/guillermu.com\/fr\/wp-json\/wp\/v2\/pages"}],"about":[{"href":"https:\/\/guillermu.com\/fr\/wp-json\/wp\/v2\/types\/page"}],"author":[{"embeddable":true,"href":"https:\/\/guillermu.com\/fr\/wp-json\/wp\/v2\/users\/2"}],"replies":[{"embeddable":true,"href":"https:\/\/guillermu.com\/fr\/wp-json\/wp\/v2\/comments?post=1777"}],"version-history":[{"count":29,"href":"https:\/\/guillermu.com\/fr\/wp-json\/wp\/v2\/pages\/1777\/revisions"}],"predecessor-version":[{"id":2448,"href":"https:\/\/guillermu.com\/fr\/wp-json\/wp\/v2\/pages\/1777\/revisions\/2448"}],"wp:attachment":[{"href":"https:\/\/guillermu.com\/fr\/wp-json\/wp\/v2\/media?parent=1777"}],"curies":[{"name":"wp","href":"https:\/\/api.w.org\/{rel}","templated":true}]}}