{"id":1839,"date":"2024-08-05T17:45:01","date_gmt":"2024-08-05T15:45:01","guid":{"rendered":"https:\/\/guillermu.com\/carte-et-menus\/"},"modified":"2026-02-26T14:45:13","modified_gmt":"2026-02-26T13:45:13","slug":"carte-et-menus","status":"publish","type":"page","link":"https:\/\/guillermu.com\/fr\/carte-et-menus\/","title":{"rendered":"Carte et menus"},"content":{"rendered":"<p>[et_pb_section fb_built=\u00a0\u00bb1&Prime; _builder_version=\u00a0\u00bb4.27.4&Prime; _module_preset=\u00a0\u00bbdefault\u00a0\u00bb background_color=\u00a0\u00bb#f5f7f5&Prime; background_image=\u00a0\u00bbhttps:\/\/guillermu.com\/wp-content\/uploads\/2025\/03\/paella-scaled.jpg\u00a0\u00bb background_position=\u00a0\u00bbbottom_center\u00a0\u00bb background_vertical_offset=\u00a0\u00bb36%\u00a0\u00bb min_height=\u00a0\u00bb500px\u00a0\u00bb custom_margin=\u00a0\u00bb||46px|||\u00a0\u00bb custom_padding=\u00a0\u00bb0px||55px|||\u00a0\u00bb global_colors_info=\u00a0\u00bb{}\u00a0\u00bb][et_pb_row column_structure=\u00a0\u00bb2_5,3_5&Prime; use_custom_gutter=\u00a0\u00bbon\u00a0\u00bb gutter_width=\u00a0\u00bb1&Prime; make_equal=\u00a0\u00bbon\u00a0\u00bb _builder_version=\u00a0\u00bb4.27.4&Prime; _module_preset=\u00a0\u00bbdefault\u00a0\u00bb custom_margin=\u00a0\u00bb|auto|-20px|auto||\u00a0\u00bb custom_padding=\u00a0\u00bb66px||0px|||\u00a0\u00bb hover_enabled=\u00a0\u00bb0&Prime; global_colors_info=\u00a0\u00bb{}\u00a0\u00bb sticky_enabled=\u00a0\u00bb0&Prime;][et_pb_column type=\u00a0\u00bb2_5&Prime; _builder_version=\u00a0\u00bb4.27.4&Prime; _module_preset=\u00a0\u00bbdefault\u00a0\u00bb hover_enabled=\u00a0\u00bb0&Prime; global_colors_info=\u00a0\u00bb{}\u00a0\u00bb sticky_enabled=\u00a0\u00bb0&Prime;][et_pb_blurb title=\u00a0\u00bbCarte et menus\u00a0\u00bb image=\u00a0\u00bbhttps:\/\/guillermu.com\/wp-content\/uploads\/2025\/03\/squiggle2.png\u00a0\u00bb image_icon_width=\u00a0\u00bb60%\u00a0\u00bb icon_alignment=\u00a0\u00bbleft\u00a0\u00bb image_icon_width_tablet=\u00a0\u00bb60%\u00a0\u00bb image_icon_width_phone=\u00a0\u00bb60%\u00a0\u00bb image_icon_width_last_edited=\u00a0\u00bbon|desktop\u00a0\u00bb _builder_version=\u00a0\u00bb4.27.4&Prime; _module_preset=\u00a0\u00bbdefault\u00a0\u00bb header_level=\u00a0\u00bbh2&Prime; header_font=\u00a0\u00bb&#8211;et_global_heading_font|500|||||||\u00a0\u00bb header_text_align=\u00a0\u00bbleft\u00a0\u00bb header_font_size=\u00a0\u00bb58px\u00a0\u00bb body_font=\u00a0\u00bb&#8211;et_global_body_font||||||||\u00a0\u00bb body_text_color=\u00a0\u00bb#FFFFFF\u00a0\u00bb body_font_size=\u00a0\u00bb18px\u00a0\u00bb body_line_height=\u00a0\u00bb1.8em\u00a0\u00bb background_layout=\u00a0\u00bbdark\u00a0\u00bb max_width=\u00a0\u00bb100%\u00a0\u00bb module_alignment=\u00a0\u00bbcenter\u00a0\u00bb hover_enabled=\u00a0\u00bb0&Prime; global_colors_info=\u00a0\u00bb{}\u00a0\u00bb sticky_enabled=\u00a0\u00bb0&Prime;]<\/p>\n<p style=\"text-align: left;\">Savourez la carte et les menus du Restaurant <strong>GUILLERMU<\/strong>, au c\u0153ur de la <strong>Costa Brava<\/strong>, <strong>cuisine de tradition marine et m\u00e9diterran\u00e9enne<\/strong> avec les meilleurs produits locaux.<\/p>\n<p>[\/et_pb_blurb][\/et_pb_column][et_pb_column type=\u00a0\u00bb3_5&Prime; _builder_version=\u00a0\u00bb4.27.4&Prime; _module_preset=\u00a0\u00bbdefault\u00a0\u00bb background_enable_color=\u00a0\u00bboff\u00a0\u00bb hover_enabled=\u00a0\u00bb0&Prime; global_colors_info=\u00a0\u00bb{}\u00a0\u00bb sticky_enabled=\u00a0\u00bb0&Prime;][\/et_pb_column][\/et_pb_row][\/et_pb_section][et_pb_section fb_built=\u00a0\u00bb1&Prime; _builder_version=\u00a0\u00bb4.27.4&Prime; _module_preset=\u00a0\u00bbdefault\u00a0\u00bb background_color=\u00a0\u00bb#f5f7f5&Prime; background_image=\u00a0\u00bbhttps:\/\/guillermu.com\/wp-content\/uploads\/2025\/03\/carta-Guillermu-cat.png\u00a0\u00bb background_size=\u00a0\u00bbcustom\u00a0\u00bb background_image_width=\u00a0\u00bb33%\u00a0\u00bb background_position=\u00a0\u00bbtop_left\u00a0\u00bb background_horizontal_offset=\u00a0\u00bb0%\u00a0\u00bb background_vertical_offset=\u00a0\u00bb6%\u00a0\u00bb min_height=\u00a0\u00bb1119.9px\u00a0\u00bb custom_margin=\u00a0\u00bb-47px|||||\u00a0\u00bb custom_padding=\u00a0\u00bb1px||80px|||\u00a0\u00bb hover_enabled=\u00a0\u00bb0&Prime; background_last_edited=\u00a0\u00bbon|phone\u00a0\u00bb background_size_phone=\u00a0\u00bbcustom\u00a0\u00bb background_image_width_phone=\u00a0\u00bb50%\u00a0\u00bb background_position_phone=\u00a0\u00bbtop_left\u00a0\u00bb background_vertical_offset_phone=\u00a0\u00bb18%\u00a0\u00bb global_colors_info=\u00a0\u00bb{}\u00a0\u00bb background_image_width_tablet=\u00a0\u00bb24%\u00a0\u00bb background_position_tablet=\u00a0\u00bbtop_left\u00a0\u00bb sticky_enabled=\u00a0\u00bb0&Prime; background_horizontal_offset_phone=\u00a0\u00bb-4%\u00a0\u00bb][et_pb_row _builder_version=\u00a0\u00bb4.27.4&Prime; _module_preset=\u00a0\u00bbdefault\u00a0\u00bb module_alignment=\u00a0\u00bbcenter\u00a0\u00bb custom_margin=\u00a0\u00bb-15px|auto|2px|auto|false|false\u00a0\u00bb custom_padding=\u00a0\u00bb34px||0px|0px|false|false\u00a0\u00bb global_colors_info=\u00a0\u00bb{}\u00a0\u00bb max_width__hover_enabled=\u00a0\u00bboff|desktop\u00a0\u00bb][et_pb_column type=\u00a0\u00bb4_4&Prime; _builder_version=\u00a0\u00bb4.27.0&Prime; _module_preset=\u00a0\u00bbdefault\u00a0\u00bb global_colors_info=\u00a0\u00bb{}\u00a0\u00bb][et_pb_text _builder_version=\u00a0\u00bb4.27.4&Prime; _module_preset=\u00a0\u00bbe6504a1b-67eb-4b3d-b023-bcab277610b6&Prime; header_4_font=\u00a0\u00bb&#8211;et_global_body_font|700||on|||||\u00a0\u00bb header_4_text_color=\u00a0\u00bb#23CDE7&Prime; header_4_font_size=\u00a0\u00bb14px\u00a0\u00bb header_4_letter_spacing=\u00a0\u00bb0.1em\u00a0\u00bb header_4_line_height=\u00a0\u00bb1.5em\u00a0\u00bb custom_margin=\u00a0\u00bb||0px||false|false\u00a0\u00bb hover_enabled=\u00a0\u00bb0&Prime; locked=\u00a0\u00bboff\u00a0\u00bb global_colors_info=\u00a0\u00bb{}\u00a0\u00bb sticky_enabled=\u00a0\u00bb0&Prime;]<\/p>\n<h4 style=\"text-align: center;\">NOTRE GASTRONOMIE<\/h4>\n<p>[\/et_pb_text][et_pb_text _builder_version=\u00a0\u00bb4.27.4&Prime; _module_preset=\u00a0\u00bbb327cbe4-b1d5-4b66-ad37-40c8f2f061ba\u00a0\u00bb header_font=\u00a0\u00bb&#8211;et_global_heading_font||||||||\u00a0\u00bb header_2_font=\u00a0\u00bb&#8211;et_global_heading_font|700|||||||\u00a0\u00bb header_2_text_color=\u00a0\u00bb#005CC8&Prime; header_2_font_size=\u00a0\u00bb48px\u00a0\u00bb header_2_line_height=\u00a0\u00bb1.35em\u00a0\u00bb custom_margin=\u00a0\u00bb||16px|||\u00a0\u00bb custom_padding=\u00a0\u00bb||0px|||\u00a0\u00bb header_2_font_size_tablet=\u00a0\u00bb32px\u00a0\u00bb header_2_font_size_phone=\u00a0\u00bb40px\u00a0\u00bb header_2_font_size_last_edited=\u00a0\u00bbon|desktop\u00a0\u00bb locked=\u00a0\u00bboff\u00a0\u00bb global_colors_info=\u00a0\u00bb{}\u00a0\u00bb]<\/p>\n<h2 style=\"text-align: center;\">La Carte<\/h2>\n<p>[\/et_pb_text][et_pb_image src=\u00a0\u00bbhttps:\/\/guillermu.com\/wp-content\/uploads\/2025\/03\/squiggle2.png\u00a0\u00bb title_text=\u00a0\u00bbsquiggle2&Prime; align=\u00a0\u00bbcenter\u00a0\u00bb _builder_version=\u00a0\u00bb4.27.4&Prime; _module_preset=\u00a0\u00bbdefault\u00a0\u00bb module_alignment=\u00a0\u00bbright\u00a0\u00bb hover_enabled=\u00a0\u00bb0&Prime; global_colors_info=\u00a0\u00bb{}\u00a0\u00bb width=\u00a0\u00bb100%\u00a0\u00bb sticky_enabled=\u00a0\u00bb0&Prime;][\/et_pb_image][et_pb_blurb _builder_version=\u00a0\u00bb4.27.4&Prime; _module_preset=\u00a0\u00bbdefault\u00a0\u00bb header_level=\u00a0\u00bbh2&Prime; header_font=\u00a0\u00bb&#8211;et_global_heading_font|500|||||||\u00a0\u00bb header_text_align=\u00a0\u00bbcenter\u00a0\u00bb header_text_color=\u00a0\u00bb#0C71C3&Prime; header_font_size=\u00a0\u00bb50px\u00a0\u00bb body_font=\u00a0\u00bb|300|||||||\u00a0\u00bb body_text_color=\u00a0\u00bb#000000&Prime; body_font_size=\u00a0\u00bb16px\u00a0\u00bb text_orientation=\u00a0\u00bbcenter\u00a0\u00bb background_layout=\u00a0\u00bbdark\u00a0\u00bb module_alignment=\u00a0\u00bbcenter\u00a0\u00bb custom_margin=\u00a0\u00bb5px|||||\u00a0\u00bb hover_enabled=\u00a0\u00bb0&Prime; inline_fonts=\u00a0\u00bbBebas Neue\u00a0\u00bb global_colors_info=\u00a0\u00bb{}\u00a0\u00bb sticky_enabled=\u00a0\u00bb0&Prime;]<\/p>\n<p style=\"text-align: center;\"><span style=\"color: #000000;\"><strong> <span style=\"text-decoration: underline;\">ENTR\u00c9ES et PREMIERS PLATS DE POISSON<\/span><\/strong><\/span><\/p>\n<p style=\"text-align: center;\"><span style=\"font-size: 16px;\">Pour ouvrir l&rsquo;app\u00e9tit : petits l\u00e9gumes, cannellonis de grand-m\u00e8re, pleins de souvenirs, couteaux, moules, tellines, calamars, poulpe \u00e0 la galicienne et bien d&rsquo;autres plats.<\/span><\/p>\n<p style=\"text-align: center;\"><span style=\"text-decoration: underline;\"><span style=\"color: #000000;\"><strong><span style=\"font-size: 16px;\">POISSON FRAIS<\/span><\/strong><\/span><\/span><\/p>\n<p style=\"text-align: center;\"><span style=\"font-size: 16px;\">Nous vous proposons une lotte, au four ou \u00e0 la plancha, un bar en cro\u00fbte de sel et un turbot au four, parmi d&rsquo;autres options qui capturent l&rsquo;essence de la mer.<\/span><span style=\"font-size: 16px;\"><\/span><span style=\"font-size: 16px;\"><\/span><\/p>\n<p style=\"text-align: center;\"><span style=\"text-decoration: underline;\"><span style=\"color: #000000;\"><strong>RIZ et P\u00c2TES<\/strong><\/span><\/span><\/p>\n<p style=\"text-align: center;\">Savourez notre paella mixte \u00e0 la fa\u00e7on du Baix Empord\u00e0, le riz au homard, en casserole et une vari\u00e9t\u00e9 de paellas, riz et p\u00e2tes qui vous feront redemander !<\/p>\n<p style=\"text-align: center;\"><span style=\"text-decoration: underline;\"><span style=\"color: #000000;\"><strong>VIANDE et PLATS POUR LES PLUS PETITS<\/strong><\/span><\/span><\/p>\n<p style=\"text-align: center;\">Nous vous proposons du veau tendre de G\u00e9rone, des c\u00f4telettes d&rsquo;agneau de Calonge, des options pens\u00e9es pour toute la famille avec des produits locaux.<\/p>\n<p style=\"text-align: center;\"><span style=\"text-decoration: underline;\"><strong>LES DESSERTS<\/strong><\/span><\/p>\n<p style=\"text-align: center;\">Et pour terminer un bon repas, une touche sucr\u00e9e, les desserts maison comme le tiramisu ou le g\u00e2teau de Lydia.<span style=\"font-size: 16px;\"><\/span><\/p>\n<p>[\/et_pb_blurb][\/et_pb_column][\/et_pb_row][et_pb_row _builder_version=\u00a0\u00bb4.27.4&Prime; _module_preset=\u00a0\u00bbdefault\u00a0\u00bb module_alignment=\u00a0\u00bbcenter\u00a0\u00bb custom_margin=\u00a0\u00bb-15px|auto|2px|auto|false|false\u00a0\u00bb custom_padding=\u00a0\u00bb34px||0px|0px|false|false\u00a0\u00bb global_colors_info=\u00a0\u00bb{}\u00a0\u00bb max_width__hover_enabled=\u00a0\u00bboff|desktop\u00a0\u00bb][et_pb_column type=\u00a0\u00bb4_4&Prime; _builder_version=\u00a0\u00bb4.27.0&Prime; _module_preset=\u00a0\u00bbdefault\u00a0\u00bb global_colors_info=\u00a0\u00bb{}\u00a0\u00bb][et_pb_text _builder_version=\u00a0\u00bb4.27.4&Prime; _module_preset=\u00a0\u00bbb327cbe4-b1d5-4b66-ad37-40c8f2f061ba\u00a0\u00bb header_font=\u00a0\u00bb&#8211;et_global_heading_font||||||||\u00a0\u00bb header_2_font=\u00a0\u00bb&#8211;et_global_heading_font|700|||||||\u00a0\u00bb header_2_text_color=\u00a0\u00bb#005CC8&Prime; header_2_font_size=\u00a0\u00bb48px\u00a0\u00bb header_2_line_height=\u00a0\u00bb1.35em\u00a0\u00bb custom_margin=\u00a0\u00bb||16px|||\u00a0\u00bb custom_padding=\u00a0\u00bb27px|||||\u00a0\u00bb header_2_font_size_tablet=\u00a0\u00bb32px\u00a0\u00bb header_2_font_size_phone=\u00a0\u00bb40px\u00a0\u00bb header_2_font_size_last_edited=\u00a0\u00bbon|desktop\u00a0\u00bb locked=\u00a0\u00bboff\u00a0\u00bb global_colors_info=\u00a0\u00bb{}\u00a0\u00bb]<\/p>\n<h2 style=\"text-align: center;\">Les Menus<\/h2>\n<p>[\/et_pb_text][et_pb_image src=\u00a0\u00bbhttps:\/\/guillermu.com\/wp-content\/uploads\/2025\/03\/squiggle2.png\u00a0\u00bb title_text=\u00a0\u00bbsquiggle2&Prime; align=\u00a0\u00bbcenter\u00a0\u00bb _builder_version=\u00a0\u00bb4.27.4&Prime; _module_preset=\u00a0\u00bbdefault\u00a0\u00bb module_alignment=\u00a0\u00bbcenter\u00a0\u00bb hover_enabled=\u00a0\u00bb0&Prime; global_colors_info=\u00a0\u00bb{}\u00a0\u00bb sticky_enabled=\u00a0\u00bb0&Prime;][\/et_pb_image][et_pb_blurb _builder_version=\u00a0\u00bb4.27.4&Prime; _module_preset=\u00a0\u00bbdefault\u00a0\u00bb header_level=\u00a0\u00bbh2&Prime; header_font=\u00a0\u00bb&#8211;et_global_heading_font|500|||||||\u00a0\u00bb header_text_align=\u00a0\u00bbcenter\u00a0\u00bb header_text_color=\u00a0\u00bb#0C71C3&Prime; header_font_size=\u00a0\u00bb50px\u00a0\u00bb body_font=\u00a0\u00bb|300|||||||\u00a0\u00bb body_text_color=\u00a0\u00bb#000000&Prime; body_font_size=\u00a0\u00bb16px\u00a0\u00bb text_orientation=\u00a0\u00bbcenter\u00a0\u00bb background_layout=\u00a0\u00bbdark\u00a0\u00bb module_alignment=\u00a0\u00bbcenter\u00a0\u00bb custom_margin=\u00a0\u00bb||4px|||\u00a0\u00bb custom_padding=\u00a0\u00bb||0px|||\u00a0\u00bb inline_fonts=\u00a0\u00bbBebas Neue\u00a0\u00bb global_colors_info=\u00a0\u00bb{}\u00a0\u00bb]<\/p>\n<p style=\"text-align: center;\"><span style=\"font-family: inherit; font-size: medium;\">Actuellement, au <\/span><strong>GUILLERMU<\/strong> <span style=\"font-family: inherit; font-size: medium;\">tu pourras profiter de ces <\/span>menus<span style=\"font-family: inherit; font-size: medium;\"> :<\/span><span style=\"font-family: inherit; font-weight: normal; font-size: medium; color: #000000;\"><\/span><span style=\"font-size: 16px;\"><\/span><\/p>\n<p><span style=\"font-size: 16px;\"><\/span><\/p>\n<p>[\/et_pb_blurb][\/et_pb_column][\/et_pb_row][et_pb_row make_equal=\u00a0\u00bbon\u00a0\u00bb _builder_version=\u00a0\u00bb4.27.4&Prime; _module_preset=\u00a0\u00bbdefault\u00a0\u00bb module_alignment=\u00a0\u00bbcenter\u00a0\u00bb custom_margin=\u00a0\u00bb|-4px||auto||\u00a0\u00bb custom_padding=\u00a0\u00bb18px||0px|||\u00a0\u00bb hover_enabled=\u00a0\u00bb0&Prime; global_colors_info=\u00a0\u00bb{}\u00a0\u00bb max_width__hover_enabled=\u00a0\u00bboff|desktop\u00a0\u00bb sticky_enabled=\u00a0\u00bb0&Prime;][et_pb_column type=\u00a0\u00bb4_4&Prime; _builder_version=\u00a0\u00bb4.27.0&Prime; _module_preset=\u00a0\u00bbdefault\u00a0\u00bb global_colors_info=\u00a0\u00bb{}\u00a0\u00bb][et_pb_text _builder_version=\u00a0\u00bb4.27.4&Prime; _module_preset=\u00a0\u00bbdefault\u00a0\u00bb header_2_text_color=\u00a0\u00bb#000000&Prime; header_4_text_color=\u00a0\u00bb#23cde7&Prime; custom_padding=\u00a0\u00bb0px|||||\u00a0\u00bb hover_enabled=\u00a0\u00bb0&Prime; global_colors_info=\u00a0\u00bb{}\u00a0\u00bb sticky_enabled=\u00a0\u00bb0&Prime;]<\/p>\n<p style=\"text-align: center;\"><span style=\"font-size: 16px; color: #000000;\"><span style=\"text-decoration: underline;\"><strong>MENU HEBDOMADAIRE DU LUNDI AU VENDREDI<\/strong><\/span><\/span><strong><span style=\"text-decoration: underline;\"><span style=\"color: #000000;\"><\/span><\/span><\/strong><\/p>\n<p style=\"text-align: center;\"><span style=\"color: #000000; font-size: 16px;\">Ce menu varie chaque semaine pour vous offrir une s\u00e9lection d&rsquo;entr\u00e9es et de plats principaux ainsi que des desserts qui capturent le meilleur de chaque saison.<\/span><\/p>\n<p style=\"text-align: center;\"><span style=\"color: #000000; font-size: 16px;\"><\/span><\/p>\n<p style=\"text-align: center;\"><span style=\"text-decoration: underline;\"><span style=\"color: #000000;\"><strong><span style=\"font-size: 16px; color: #000000; text-decoration: underline;\">MENU FRUITS DE MER. TOUTE L&rsquo;ANN\u00c9E. <\/span><\/strong><\/span><\/span><\/p>\n<p style=\"text-align: center;\"><span style=\"font-size: 16px; color: #000000;\">Notre plateau de fruits de mer, une d\u00e9gustation de fruits de mer de notre baie, parfait pour les amateurs de produits de la mer. <\/span><\/p>\n<p style=\"text-align: center;\"><span style=\"color: #000000;\"><strong>Le Menu Fruits de Mer comprend : <\/strong><\/span><\/p>\n<p style=\"text-align: center;\"><span style=\"color: #000000;\"><span style=\"font-size: 16px;\"><\/span><span style=\"font-size: 16px;\">Couteaux, z<\/span><span style=\"font-size: 16px;\">amburi\u00f1as, c<\/span><span style=\"font-size: 16px;\">alamars \u00e0 la romaine, p<\/span><span style=\"font-size: 16px;\">alourdes, m<\/span><span style=\"font-size: 16px;\">oules, c<\/span><span style=\"font-size: 16px;\">revettes, l<\/span><span style=\"font-size: 16px;\">angoustines. <\/span> <\/span><\/p>\n<p style=\"text-align: center;\"><span style=\"color: #000000; font-size: small;\">*Il peut y avoir de l\u00e9g\u00e8res variations selon la saison.<\/span><\/p>\n<p style=\"text-align: center;\"><span style=\"color: #000000; font-size: small;\"><\/span><\/p>\n<p style=\"text-align: center;\"><span style=\"font-size: 16px; color: #000000;\"><span style=\"text-decoration: underline;\"><strong>MENU DE LA CREVETTE. MOIS DE JUIN. <\/strong><\/span><\/span><span style=\"text-decoration: underline;\"><span style=\"color: #000000;\"><strong><\/strong><\/span><\/span><span style=\"text-decoration: underline;\"><span style=\"color: #000000;\"><strong><\/strong><\/span><\/span><span style=\"text-decoration: underline;\"><span style=\"color: #000000;\"><strong><\/strong><\/span><\/span><\/p>\n<p style=\"text-align: center;\"><span style=\"font-size: 16px; color: #000000;\"><span style=\"font-size: medium; color: #000000;\"><strong>Suce-en la t\u00eate et l\u00e8che-toi les doigts<\/strong><\/span><\/span><\/p>\n<p style=\"text-align: center;\"><span style=\"font-size: 16px; color: #000000;\"><span style=\"color: #000000;\"><span style=\"font-size: medium;\">Depuis 1994, cuisine de p\u00eacheurs avec les meilleurs produits locaux, accompagn\u00e9e de vins Perelada, AOP Empord\u00e0. <\/span><\/span><\/span><\/p>\n<p style=\"text-align: center;\"><span style=\"font-size: 16px; color: #000000;\"><span style=\"font-size: 14px; color: #000000;\">Campagne gastronomique de l&rsquo;Association <\/span><span style=\"font-size: 14px; color: #000000;\">des Restaurants de la Baie \u00ab\u00a0<strong>El Plat Blau<\/strong>\u00ab\u00a0.<\/span><\/span><span style=\"color: #000000; font-size: small;\"><\/span><span style=\"color: #000000; font-size: small;\"><\/span><span style=\"font-size: 16px; color: #000000;\"><span style=\"font-size: 14px; color: #000000;\"><span style=\"text-decoration: underline;\"><span style=\"color: #000000;\"><strong><\/strong><\/span><\/span><\/span><\/span><\/p>\n<p style=\"text-align: center;\"><span style=\"color: #000000; font-size: small;\"><\/span><\/p>\n<p>[\/et_pb_text][et_pb_image src=\u00a0\u00bbhttps:\/\/guillermu.com\/wp-content\/uploads\/2025\/03\/squiggle2.png\u00a0\u00bb title_text=\u00a0\u00bbsquiggle2&Prime; align=\u00a0\u00bbcenter\u00a0\u00bb _builder_version=\u00a0\u00bb4.27.4&Prime; _module_preset=\u00a0\u00bbdefault\u00a0\u00bb module_alignment=\u00a0\u00bbright\u00a0\u00bb hover_enabled=\u00a0\u00bb0&Prime; global_colors_info=\u00a0\u00bb{}\u00a0\u00bb show_bottom_space=\u00a0\u00bboff\u00a0\u00bb sticky_enabled=\u00a0\u00bb0&Prime; custom_margin=\u00a0\u00bb||60px|||\u00a0\u00bb][\/et_pb_image][et_pb_cta title=\u00a0\u00bbD\u00c9COUVRE LA CARTE ET LES MENUS ACTUELS DU GUILLERMU.\u00a0\u00bb button_text=\u00a0\u00bbcarte et menus\u00a0\u00bb _builder_version=\u00a0\u00bb4.27.4&Prime; _module_preset=\u00a0\u00bbdefault\u00a0\u00bb button_url=\u00a0\u00bbhttps:\/\/smartmenu.agorapos.com\/?id=17k07kv0#\/category\/16&Prime; button_alignment=\u00a0\u00bbcenter\u00a0\u00bb custom_button=\u00a0\u00bbon\u00a0\u00bb button_letter_spacing=\u00a0\u00bb0px\u00a0\u00bb button_icon=\u00a0\u00bb&#xf773;||fa||900&Prime; button_text_color=\u00a0\u00bb#FFFFFF\u00a0\u00bb button_bg_color=\u00a0\u00bb#0C71C3&Prime; button_bg_enable_color=\u00a0\u00bbon\u00a0\u00bb hover_enabled=\u00a0\u00bb0&Prime; sticky_enabled=\u00a0\u00bb0&Prime; header_font_size=\u00a0\u00bb40px\u00a0\u00bb header_line_height=\u00a0\u00bb1.4em\u00a0\u00bb button_border_radius=\u00a0\u00bb5px\u00a0\u00bb link_option_url=\u00a0\u00bbhttps:\/\/smartmenu.agorapos.com\/?id=17k07kv0#\/category\/29&Prime; url_new_window=\u00a0\u00bbon\u00a0\u00bb border_radii=\u00a0\u00bbon|5px|5px|5px|5px\u00a0\u00bb header_font_size_last_edited=\u00a0\u00bbon|desktop\u00a0\u00bb header_font_size_phone=\u00a0\u00bb30px\u00a0\u00bb header_font_size_tablet=\u00a0\u00bb40px\u00a0\u00bb]<\/p>\n<p>\u2014TOUTES LES LANGUES.<\/p>\n<p>[\/et_pb_cta][\/et_pb_column][\/et_pb_row][\/et_pb_section]<\/p>\n","protected":false},"excerpt":{"rendered":"<p>Carte et menus du restaurant Guillermu \u00e0 Sant Antoni de Calonge<\/p>\n","protected":false},"author":2,"featured_media":1802,"parent":0,"menu_order":0,"comment_status":"closed","ping_status":"closed","template":"","meta":{"_et_pb_use_builder":"on","_et_pb_old_content":"","_et_gb_content_width":"","footnotes":""},"class_list":["post-1839","page","type-page","status-publish","has-post-thumbnail","hentry"],"_links":{"self":[{"href":"https:\/\/guillermu.com\/fr\/wp-json\/wp\/v2\/pages\/1839","targetHints":{"allow":["GET"]}}],"collection":[{"href":"https:\/\/guillermu.com\/fr\/wp-json\/wp\/v2\/pages"}],"about":[{"href":"https:\/\/guillermu.com\/fr\/wp-json\/wp\/v2\/types\/page"}],"author":[{"embeddable":true,"href":"https:\/\/guillermu.com\/fr\/wp-json\/wp\/v2\/users\/2"}],"replies":[{"embeddable":true,"href":"https:\/\/guillermu.com\/fr\/wp-json\/wp\/v2\/comments?post=1839"}],"version-history":[{"count":5,"href":"https:\/\/guillermu.com\/fr\/wp-json\/wp\/v2\/pages\/1839\/revisions"}],"predecessor-version":[{"id":2442,"href":"https:\/\/guillermu.com\/fr\/wp-json\/wp\/v2\/pages\/1839\/revisions\/2442"}],"wp:featuredmedia":[{"embeddable":true,"href":"https:\/\/guillermu.com\/fr\/wp-json\/wp\/v2\/media\/1802"}],"wp:attachment":[{"href":"https:\/\/guillermu.com\/fr\/wp-json\/wp\/v2\/media?parent=1839"}],"curies":[{"name":"wp","href":"https:\/\/api.w.org\/{rel}","templated":true}]}}